{"id":13461,"date":"2015-02-12T14:08:58","date_gmt":"2015-02-12T14:08:58","guid":{"rendered":"http:\/\/isamaiolino.com.br\/provisorio\/?page_id=13461"},"modified":"2020-09-16T13:51:24","modified_gmt":"2020-09-16T13:51:24","slug":"sobre-a-isa","status":"publish","type":"page","link":"http:\/\/www.isamaiolino.com.br\/blog\/sobre-a-isa\/","title":{"rendered":"Sobre a Isa"},"content":{"rendered":"<p>Publicit\u00e1ria por forma\u00e7\u00e3o, trabalha h\u00e1 20 anos na \u00e1rea de cria\u00e7\u00e3o. Foi por 7 anos designer da revista Capricho, da Editora Abril, onde aprendeu muito de produ\u00e7\u00e3o e dire\u00e7\u00e3o de fotografia. Trabalhou na Nota Control tecnologia onde cuidou de toda a comunica\u00e7\u00e3o da empresa.<\/p>\n<p>Fez p\u00f3s gradua\u00e7\u00e3o na Escola de Cria\u00e7\u00e3o da ESPM, com especializa\u00e7\u00e3o em reda\u00e7\u00e3o e dire\u00e7\u00e3o de arte, al\u00e9m de cursar fotografia no MIS, Escola Panamericana, Instituto Internacional de Fotografia e Senac.<\/p>\n<p>Atualmente trabalha em seu est\u00fadio de fotografia gastron\u00f4mica para marcas de m\u00e9dio e grande porte e esse espa\u00e7o \u00e9 seu blog pessoal, para trabalhos autorais.<\/p>\n<p>No seu Instagram @isabellamaiolino d\u00e1 dicas de como tirar fotos lindas pelo celular.<\/p>\n<p>Seja bem-vindo(a).<\/p>\n<p>:-)<\/p>\n<p>&nbsp;<\/p>\n<p><a href=\"http:\/\/www.isamaiolino.com.br\/blog\/wp-content\/uploads\/2015\/02\/isa-maiolino.jpg\"><img loading=\"lazy\" decoding=\"async\" class=\"alignnone size-full wp-image-17601\" src=\"http:\/\/www.isamaiolino.com.br\/blog\/wp-content\/uploads\/2015\/02\/isa-maiolino.jpg\" alt=\"\" width=\"1667\" height=\"1628\" srcset=\"http:\/\/www.isamaiolino.com.br\/blog\/wp-content\/uploads\/2015\/02\/isa-maiolino.jpg 1667w, http:\/\/www.isamaiolino.com.br\/blog\/wp-content\/uploads\/2015\/02\/isa-maiolino-300x293.jpg 300w, http:\/\/www.isamaiolino.com.br\/blog\/wp-content\/uploads\/2015\/02\/isa-maiolino-768x750.jpg 768w, http:\/\/www.isamaiolino.com.br\/blog\/wp-content\/uploads\/2015\/02\/isa-maiolino-1024x1000.jpg 1024w\" sizes=\"auto, (max-width: 1667px) 100vw, 1667px\" \/><\/a><\/p>\n<p><em><strong>Est\u00fadio da Isa Maiolino<\/strong><\/em><\/p>\n<p>Eu tenho um est\u00fadio\u00a0de fotografia de comida, <a href=\"http:\/\/www.estudiodaisamaiolino.com.br\">veja meus trabalhos<\/a>.<\/p>\n<p>&nbsp;<\/p>\n<p><em><strong>Contato:<\/strong><\/em><\/p>\n<p><em><span class=\"u-linkComplex-target\">E-mail<\/span><span class=\"u-linkComplex-target\">:\u00a0isabellamaiolino@hotmail.com<\/span><strong><br \/>\n<\/strong>Instagram:<\/em> <a href=\"https:\/\/instagram.com\/blogdaisamaiolino\">@isabellamaiolino<\/a>\u00a0\/ @estudiodaisamaiolino<a href=\"https:\/\/instagram.com\/blogdaisamaiolino\"><br \/>\n<\/a><em>Youtube:<\/em>\u00a0<a href=\"https:\/\/www.youtube.com\/user\/isamaiolinoblog\">www.youtube.com\/isamaiolinoblog<br \/>\n<\/a><span class=\"u-linkComplex-target\"><br \/>\n<\/span><\/p>\n","protected":false},"excerpt":{"rendered":"<p>Publicit\u00e1ria por forma\u00e7\u00e3o, trabalha h\u00e1 20 anos na \u00e1rea de cria\u00e7\u00e3o. Foi por 7 anos designer da revista Capricho, da Editora Abril, onde aprendeu muito de produ\u00e7\u00e3o e dire\u00e7\u00e3o de fotografia. Trabalhou na Nota Control tecnologia onde cuidou de toda a comunica\u00e7\u00e3o da empresa. Fez p\u00f3s gradua\u00e7\u00e3o na Escola de Cria\u00e7\u00e3o da ESPM, com especializa\u00e7\u00e3o [&hellip;]<\/p>\n","protected":false},"author":1,"featured_media":13571,"parent":0,"menu_order":0,"comment_status":"open","ping_status":"open","template":"","meta":{"_acf_changed":false,"footnotes":""},"class_list":["post-13461","page","type-page","status-publish","has-post-thumbnail","hentry"],"acf":[],"_links":{"self":[{"href":"http:\/\/www.isamaiolino.com.br\/blog\/wp-json\/wp\/v2\/pages\/13461","targetHints":{"allow":["GET"]}}],"collection":[{"href":"http:\/\/www.isamaiolino.com.br\/blog\/wp-json\/wp\/v2\/pages"}],"about":[{"href":"http:\/\/www.isamaiolino.com.br\/blog\/wp-json\/wp\/v2\/types\/page"}],"author":[{"embeddable":true,"href":"http:\/\/www.isamaiolino.com.br\/blog\/wp-json\/wp\/v2\/users\/1"}],"replies":[{"embeddable":true,"href":"http:\/\/www.isamaiolino.com.br\/blog\/wp-json\/wp\/v2\/comments?post=13461"}],"version-history":[{"count":42,"href":"http:\/\/www.isamaiolino.com.br\/blog\/wp-json\/wp\/v2\/pages\/13461\/revisions"}],"predecessor-version":[{"id":18132,"href":"http:\/\/www.isamaiolino.com.br\/blog\/wp-json\/wp\/v2\/pages\/13461\/revisions\/18132"}],"wp:featuredmedia":[{"embeddable":true,"href":"http:\/\/www.isamaiolino.com.br\/blog\/wp-json\/wp\/v2\/media\/13571"}],"wp:attachment":[{"href":"http:\/\/www.isamaiolino.com.br\/blog\/wp-json\/wp\/v2\/media?parent=13461"}],"curies":[{"name":"wp","href":"https:\/\/api.w.org\/{rel}","templated":true}]}}